{"id":65,"date":"2016-09-28T01:51:13","date_gmt":"2016-09-28T01:51:13","guid":{"rendered":"http:\/\/fundacionmosis.com\/CivicGaps\/?page_id=65"},"modified":"2016-11-04T18:06:19","modified_gmt":"2016-11-04T18:06:19","slug":"civic-gaps","status":"publish","type":"page","link":"http:\/\/fundacionmosis.com\/CivicGaps\/civic-gaps\/","title":{"rendered":"Civic Gaps"},"content":{"rendered":"<p><strong>Civic Gaps, Think Tank for Social Advancement<\/strong><\/p>\n<p><strong>An initiative to analyze and record gaps and system failures in the city\u2019s everyday life based on personal observations.<\/strong><\/p>\n<p><strong>Jana Leo<\/strong><\/p>\n<p><strong>2007 New York<\/strong><\/p>\n<p>&nbsp;<\/p>\n<p>Mission:<br \/>\nThe mission is the creation of advanced policies on civic issues, the city, public space and culture.<\/p>\n<p>&nbsp;<\/p>\n<p>Actions:<br \/>\nCivic Gaps offers critical analysis with observations and counter-proposals; develops concepts creating the mind set to change the reality; conducts researches through sociological experiments and art projects that imagine the situation as if the new concepts have been already applied etc..<\/p>\n<p>&nbsp;<\/p>\n<p>History:<br \/>\nStarted by Jana Leo de Blas in 2007 in as a DBA, on 2008 was included into the mission of Mosis Foundation. Based in Madrid and registered as a cultural foundation since 2008, the MOSIS Foundation- MOdels and SYStems; Art and City is a think-tank and a resolution office dedicated to City and Art. As a Think-Tank, MOSIS studies existent models and systems and creates originals concepts, which are the base to construct new models and systems. As a resolution office, MOSIS translates concepts into initiatives, goes from the abstract to specific actions.<\/p>\n<p>&nbsp;<\/p>\n<p>Who:<br \/>\nBorn in Madrid, Jana Leo is a philosopher and a conceptual artist-architect based in New York City. Jana Leo holds a PhD in Philosophy from the Universidad Autonoma de Madrid as well as a MA in Architecture from the SoA Princeton University.<\/p>\n<p>&nbsp;<\/p>\n<p>**<\/p>\n<p><strong>Civic Gaps, un tanque de pensamiento para el avance social<\/strong><\/p>\n<p><strong>es una iniciativa para\u00a0 identificar &#8220;fallos de sistema&#8221; en las operaciones individuo-ciudad.<\/strong><\/p>\n<p><strong>Jana Leo<\/strong><\/p>\n<p><strong>2007 New York<\/strong><\/p>\n<p>&nbsp;<\/p>\n<p>Misi\u00f3n:<br \/>\nLa misi\u00f3n es la creaci\u00f3n de pol\u00edticas avanzadas sobre la ciudad, lo c\u00edvico, el espacio p\u00fablico y la cultura.<\/p>\n<p>&nbsp;<\/p>\n<p>Acciones:<br \/>\nCivic Gaps ofrece an\u00e1lisis cr\u00edtico con observaciones y propuestas alternativas; desarrolla conceptos que crean el estado mental para cambiar la realidad; dirige investigaciones a trav\u00e9s de experimentos sociol\u00f3gicos y proyectos de arte que imaginan la situaci\u00f3n como si los nuevos conceptos ya se hubieran aplicado etc..<\/p>\n<p>&nbsp;<\/p>\n<p>Historia:<br \/>\nJana Leo empieza Civic Gaps en Nueva York en 2007 como una empresa personal para este tipo de acciones c\u00edvicas;\u00a0 en el 2008 fue introducido como una de las misiones de la Fundaci\u00f3n MOSIS. La fundaci\u00f3n MOSIS es una base de pensamiento, investigaci\u00f3n y propuesta (think-tank) y una oficina de resoluci\u00f3n aplicada (una consultor\u00eda) sobre el arte, \u00a0la ciudad y relaci\u00f3n de ambos con el individuo. Trabajando desde la estructura, La Fundaci\u00f3n MOSIS traduce conceptos a iniciativas.<\/p>\n<p>&nbsp;<\/p>\n<p>Quien:<br \/>\nNacida en Madrid, Jana Leo es una fil\u00f3sofa y artista-architecto conceptual que vive en la ciudad de Nueva York. Es doctora en filosof\u00eda por la Universidad Autonoma de Madrid y master en arquitectura pro la\u00a0\u00a0 SoA, Princeton University.<\/p>\n","protected":false},"excerpt":{"rendered":"<p>Civic Gaps, Think Tank for Social Advancement An initiative to analyze and record gaps and system failures in the city\u2019s everyday life based on personal observations. Jana Leo 2007 New York &nbsp; Mission: The mission is the creation of advanced policies on civic issues, the city, public space and culture. &hellip;<\/p>\n","protected":false},"author":1,"featured_media":0,"parent":0,"menu_order":0,"comment_status":"closed","ping_status":"closed","template":"","meta":[],"_links":{"self":[{"href":"http:\/\/fundacionmosis.com\/CivicGaps\/wp-json\/wp\/v2\/pages\/65"}],"collection":[{"href":"http:\/\/fundacionmosis.com\/CivicGaps\/wp-json\/wp\/v2\/pages"}],"about":[{"href":"http:\/\/fundacionmosis.com\/CivicGaps\/wp-json\/wp\/v2\/types\/page"}],"author":[{"embeddable":true,"href":"http:\/\/fundacionmosis.com\/CivicGaps\/wp-json\/wp\/v2\/users\/1"}],"replies":[{"embeddable":true,"href":"http:\/\/fundacionmosis.com\/CivicGaps\/wp-json\/wp\/v2\/comments?post=65"}],"version-history":[{"count":19,"href":"http:\/\/fundacionmosis.com\/CivicGaps\/wp-json\/wp\/v2\/pages\/65\/revisions"}],"predecessor-version":[{"id":197,"href":"http:\/\/fundacionmosis.com\/CivicGaps\/wp-json\/wp\/v2\/pages\/65\/revisions\/197"}],"wp:attachment":[{"href":"http:\/\/fundacionmosis.com\/CivicGaps\/wp-json\/wp\/v2\/media?parent=65"}],"curies":[{"name":"wp","href":"https:\/\/api.w.org\/{rel}","templated":true}]}}